{"id":19324,"date":"2022-03-24T09:12:20","date_gmt":"2022-03-24T06:12:20","guid":{"rendered":"https:\/\/www.drmuhammeterkan.com\/?page_id=19324"},"modified":"2025-03-05T13:12:18","modified_gmt":"2025-03-05T10:12:18","slug":"iletisim","status":"publish","type":"page","link":"https:\/\/www.drburakdikmen.com\/en\/contact","title":{"rendered":"Contact"},"content":{"rendered":"\t\t<div data-elementor-type=\"wp-page\" data-elementor-id=\"19324\" class=\"elementor elementor-19324\">\n\t\t\t\t\t\t\t\t\t<section class=\"elementor-section elementor-top-section elementor-element elementor-element-9df211f elementor-section-full_width sc_layouts_hide_on_mobile elementor-section-height-default elementor-section-height-default sc_fly_static\" data-id=\"9df211f\" data-element_type=\"section\">\n\t\t\t\t\t\t<div class=\"elementor-container elementor-column-gap-extended\">\n\t\t\t\t\t<div class=\"elementor-column elementor-col-100 elementor-top-column elementor-element elementor-element-a3921d3 sc_inner_width_none sc_content_align_inherit sc_layouts_column_icons_position_left sc_fly_static\" data-id=\"a3921d3\" data-element_type=\"column\">\n\t\t\t<div class=\"elementor-widget-wrap elementor-element-populated\">\n\t\t\t\t\t\t\t\t<div class=\"elementor-element elementor-element-6f1bf9bd sc_fly_static elementor-widget elementor-widget-trx_sc_googlemap\" data-id=\"6f1bf9bd\" data-element_type=\"widget\" data-widget_type=\"trx_sc_googlemap.default\">\n\t\t\t\t<div class=\"elementor-widget-container\">\n\t\t\t<div id=\"sc_googlemap_239189380_wrap\" class=\"sc_googlemap_wrap\"><div id=\"sc_googlemap_239189380\"\t\t\tclass=\"sc_item_content sc_map sc_googlemap sc_googlemap_default sc_googlemap_prevent_scroll trx_addons_inline_446586738\"\n\t\t\t \t\t\tdata-zoom=\"15\"\n\t\t\tdata-center=\"Center\"\n\t\t\tdata-style=\"simple\"\n\t\t\tdata-cluster-icon=\"\"\n\t\t\t><div id=\"sc_googlemap_239189380_1\"\t\t\t\t\t\t\tclass=\"sc_googlemap_marker\"\n\t\t\t\t\t\t\tdata-address=\"41.02370503121825, 29.017304584655076\"\n\t\t\t\t\t\t\tdata-description=\"\"\n\t\t\t\t\t\t\tdata-title=\"One\"\n\t\t\t\t\t\t\tdata-animation=\"none\"\n\t\t\t\t\t\t\tdata-html=\"&lt;div class=&quot;map_marker&quot;&gt;&lt;div&gt;&lt;\/div&gt;&lt;div&gt;&lt;\/div&gt;&lt;\/div&gt;\"\n\t\t\t\t\t\t\tdata-url=\"https:\/\/goo.gl\/maps\/qNpFo2225wdq3tyN9\"\n\t\t\t\t\t\t\tdata-icon=\"\"\n\t\t\t\t\t\t\tdata-icon_shadow=\"\"\n\t\t\t\t\t\t\tdata-icon_width=\"\"\n\t\t\t\t\t\t\tdata-icon_height=\"\"\n\t\t\t\t\t><\/div><\/div><\/div>\t\t<\/div>\n\t\t\t\t<\/div>\n\t\t\t\t\t<\/div>\n\t\t<\/div>\n\t\t\t\t\t\t\t<\/div>\n\t\t<\/section>\n\t\t\t\t<section class=\"elementor-section elementor-top-section elementor-element elementor-element-a166859 elementor-section-full_width sc_layouts_hide_on_wide sc_layouts_hide_on_desktop sc_layouts_hide_on_notebook sc_layouts_hide_on_tablet elementor-section-height-default elementor-section-height-default sc_fly_static\" data-id=\"a166859\" data-element_type=\"section\">\n\t\t\t\t\t\t<div class=\"elementor-container elementor-column-gap-extended\">\n\t\t\t\t\t<div class=\"elementor-column elementor-col-100 elementor-top-column elementor-element elementor-element-0b5c95b sc_inner_width_none sc_content_align_inherit sc_layouts_column_icons_position_left sc_fly_static\" data-id=\"0b5c95b\" data-element_type=\"column\">\n\t\t\t<div class=\"elementor-widget-wrap elementor-element-populated\">\n\t\t\t\t\t\t\t\t<div class=\"elementor-element elementor-element-964cce7 sc_layouts_hide_on_wide sc_layouts_hide_on_desktop sc_layouts_hide_on_notebook sc_layouts_hide_on_tablet sc_fly_static elementor-widget elementor-widget-trx_sc_googlemap\" data-id=\"964cce7\" data-element_type=\"widget\" data-widget_type=\"trx_sc_googlemap.default\">\n\t\t\t\t<div class=\"elementor-widget-container\">\n\t\t\t<div id=\"sc_googlemap_1681258629_wrap\" class=\"sc_googlemap_wrap\"><div id=\"sc_googlemap_1681258629\"\t\t\tclass=\"sc_item_content sc_map sc_googlemap sc_googlemap_default sc_googlemap_prevent_scroll trx_addons_inline_300618915\"\n\t\t\t \t\t\tdata-zoom=\"15\"\n\t\t\tdata-center=\"Center\"\n\t\t\tdata-style=\"simple\"\n\t\t\tdata-cluster-icon=\"\"\n\t\t\t><div id=\"sc_googlemap_1681258629_1\"\t\t\t\t\t\t\tclass=\"sc_googlemap_marker\"\n\t\t\t\t\t\t\tdata-address=\"41.02370503121825, 29.017304584655076\"\n\t\t\t\t\t\t\tdata-description=\"\"\n\t\t\t\t\t\t\tdata-title=\"One\"\n\t\t\t\t\t\t\tdata-animation=\"none\"\n\t\t\t\t\t\t\tdata-html=\"&lt;div class=&quot;map_marker&quot;&gt;&lt;div&gt;&lt;\/div&gt;&lt;div&gt;&lt;\/div&gt;&lt;\/div&gt;\"\n\t\t\t\t\t\t\tdata-url=\"https:\/\/goo.gl\/maps\/XgXs2Mrw8ABXNTDS9\"\n\t\t\t\t\t\t\tdata-icon=\"\"\n\t\t\t\t\t\t\tdata-icon_shadow=\"\"\n\t\t\t\t\t\t\tdata-icon_width=\"\"\n\t\t\t\t\t\t\tdata-icon_height=\"\"\n\t\t\t\t\t><\/div><\/div><\/div>\t\t<\/div>\n\t\t\t\t<\/div>\n\t\t\t\t\t<\/div>\n\t\t<\/div>\n\t\t\t\t\t\t\t<\/div>\n\t\t<\/section>\n\t\t\t\t<section class=\"elementor-section elementor-top-section elementor-element elementor-element-55d51938 elementor-section-stretched scheme_light elementor-section-boxed elementor-section-height-default elementor-section-height-default sc_fly_static\" data-id=\"55d51938\" data-element_type=\"section\" data-settings=\"{&quot;stretch_section&quot;:&quot;section-stretched&quot;,&quot;background_background&quot;:&quot;classic&quot;}\">\n\t\t\t\t\t\t\t<div class=\"elementor-background-overlay\"><\/div>\n\t\t\t\t\t\t\t<div class=\"elementor-container elementor-column-gap-extended\">\n\t\t\t\t\t<div class=\"elementor-column elementor-col-100 elementor-top-column elementor-element elementor-element-55d8db1e sc_inner_width_none sc_content_align_inherit sc_layouts_column_icons_position_left sc_fly_static\" data-id=\"55d8db1e\" data-element_type=\"column\">\n\t\t\t<div class=\"elementor-widget-wrap elementor-element-populated\">\n\t\t\t\t\t\t\t\t<div class=\"elementor-element elementor-element-821c62b sc_height_large sc_fly_static elementor-widget elementor-widget-spacer\" data-id=\"821c62b\" data-element_type=\"widget\" data-widget_type=\"spacer.default\">\n\t\t\t\t<div class=\"elementor-widget-container\">\n\t\t\t<style>\/*! elementor - v3.11.5 - 14-03-2023 *\/\n.elementor-column .elementor-spacer-inner{height:var(--spacer-size)}.e-con{--container-widget-width:100%}.e-con-inner>.elementor-widget-spacer,.e-con>.elementor-widget-spacer{width:var(--container-widget-width,var(--spacer-size));--align-self:var(--container-widget-align-self,initial);--flex-shrink:0}.e-con-inner>.elementor-widget-spacer>.elementor-widget-container,.e-con-inner>.elementor-widget-spacer>.elementor-widget-container>.elementor-spacer,.e-con>.elementor-widget-spacer>.elementor-widget-container,.e-con>.elementor-widget-spacer>.elementor-widget-container>.elementor-spacer{height:100%}.e-con-inner>.elementor-widget-spacer>.elementor-widget-container>.elementor-spacer>.elementor-spacer-inner,.e-con>.elementor-widget-spacer>.elementor-widget-container>.elementor-spacer>.elementor-spacer-inner{height:var(--container-widget-height,var(--spacer-size))}<\/style>\t\t<div class=\"elementor-spacer\">\n\t\t\t<div class=\"elementor-spacer-inner\"><\/div>\n\t\t<\/div>\n\t\t\t\t<\/div>\n\t\t\t\t<\/div>\n\t\t\t\t<section class=\"elementor-section elementor-inner-section elementor-element elementor-element-3866c561 elementor-section-boxed elementor-section-height-default elementor-section-height-default sc_fly_static\" data-id=\"3866c561\" data-element_type=\"section\">\n\t\t\t\t\t\t<div class=\"elementor-container elementor-column-gap-no\">\n\t\t\t\t\t<div class=\"elementor-column elementor-col-33 elementor-inner-column elementor-element elementor-element-43548ad5 sc_inner_width_none sc_content_align_inherit sc_layouts_column_icons_position_left sc_fly_static\" data-id=\"43548ad5\" data-element_type=\"column\">\n\t\t\t<div class=\"elementor-widget-wrap elementor-element-populated\">\n\t\t\t\t\t\t\t\t<div class=\"elementor-element elementor-element-5362516b sc_layouts_hide_on_mobile sc_fly_static elementor-widget elementor-widget-spacer\" data-id=\"5362516b\" data-element_type=\"widget\" data-widget_type=\"spacer.default\">\n\t\t\t\t<div class=\"elementor-widget-container\">\n\t\t\t\t\t<div class=\"elementor-spacer\">\n\t\t\t<div class=\"elementor-spacer-inner\"><\/div>\n\t\t<\/div>\n\t\t\t\t<\/div>\n\t\t\t\t<\/div>\n\t\t\t\t<div class=\"elementor-element elementor-element-205adfe8 sc_layouts_hide_on_wide sc_layouts_hide_on_desktop sc_layouts_hide_on_notebook sc_layouts_hide_on_tablet sc_layouts_hide_on_mobile sc_fly_static elementor-widget elementor-widget-trx_sc_title\" data-id=\"205adfe8\" data-element_type=\"widget\" data-widget_type=\"trx_sc_title.default\">\n\t\t\t\t<div class=\"elementor-widget-container\">\n\t\t\t<div\t\tclass=\"sc_title sc_title_default\" ><h4 class=\"sc_item_title sc_title_title sc_item_title_style_default sc_item_title_tag\"\n\t\t\t><span class=\"sc_item_title_text\">- Trabzon<\/span><\/h4><\/div>\t\t<\/div>\n\t\t\t\t<\/div>\n\t\t\t\t<div class=\"elementor-element elementor-element-3b015ec1 sc_fly_static elementor-widget elementor-widget-spacer\" data-id=\"3b015ec1\" data-element_type=\"widget\" data-widget_type=\"spacer.default\">\n\t\t\t\t<div class=\"elementor-widget-container\">\n\t\t\t\t\t<div class=\"elementor-spacer\">\n\t\t\t<div class=\"elementor-spacer-inner\"><\/div>\n\t\t<\/div>\n\t\t\t\t<\/div>\n\t\t\t\t<\/div>\n\t\t\t\t<div class=\"elementor-element elementor-element-3d2f4ad3 sc_fly_static elementor-widget elementor-widget-trx_sc_icons\" data-id=\"3d2f4ad3\" data-element_type=\"widget\" data-widget_type=\"trx_sc_icons.default\">\n\t\t\t\t<div class=\"elementor-widget-container\">\n\t\t\t<div \tclass=\"sc_icons sc_icons_simple sc_icons_size_medium sc_align_none\" ><div class=\"sc_icons_item\"><div class=\"sc_icons_icon sc_icon_type_ icon-map\" style=\"color: #193D72\" ><span class=\"sc_icon_type_ icon-map\" style=\"color: #193D72\"><\/span><\/div><div class=\"sc_icons_item_details\"><div class=\"sc_icons_item_description\"><span><b style=\"color:#204066; font-size:22px;\">Address<\/b><\/span><span>Mimar Sinan Mah. Otopark Arkas\u0131 Sk.<\/span><span>No:18 34672 \u00dcsk\u00fcdar \u0130stanbul<\/span><\/div><\/div><\/div><\/div><!-- \/.sc_icons -->\t\t<\/div>\n\t\t\t\t<\/div>\n\t\t\t\t<div class=\"elementor-element elementor-element-38dc4a87 sc_fly_static elementor-widget elementor-widget-spacer\" data-id=\"38dc4a87\" data-element_type=\"widget\" data-widget_type=\"spacer.default\">\n\t\t\t\t<div class=\"elementor-widget-container\">\n\t\t\t\t\t<div class=\"elementor-spacer\">\n\t\t\t<div class=\"elementor-spacer-inner\"><\/div>\n\t\t<\/div>\n\t\t\t\t<\/div>\n\t\t\t\t<\/div>\n\t\t\t\t<div class=\"elementor-element elementor-element-21f43de0 sc_fly_static elementor-widget elementor-widget-trx_sc_icons\" data-id=\"21f43de0\" data-element_type=\"widget\" data-widget_type=\"trx_sc_icons.default\">\n\t\t\t\t<div class=\"elementor-widget-container\">\n\t\t\t<div \tclass=\"sc_icons sc_icons_simple sc_icons_size_medium sc_align_none\" ><div class=\"sc_icons_item sc_icons_item_linked with_more\"><div class=\"sc_icons_icon sc_icon_type_ icon-phone-2\" style=\"color: #204066\" ><span class=\"sc_icon_type_ icon-phone-2\" style=\"color: #204066\"><\/span><\/div><div class=\"sc_icons_item_details\"><a href=\"tel:+90%20543%20342%2075%2089\" class=\"sc_icons_item_more_link\">\n                        <span class=\"link_text\">+90 543 342 75 89<\/span><span class=\"link_icon\"><\/span>\n                        <\/a><a href=\"tel:+90%20543%20342%2075%2089\"\n                        class=\"sc_icons_item_link\">\n                        <\/a><\/div><\/div><div class=\"sc_icons_item sc_icons_item_linked with_more\"><div class=\"sc_icons_icon sc_icon_type_ icon-whatsapp\" style=\"color: #204066\" ><span class=\"sc_icon_type_ icon-whatsapp\" style=\"color: #204066\"><\/span><\/div><div class=\"sc_icons_item_details\"><a href=\"https:\/\/api.whatsapp.com\/send?phone=905433427589\" class=\"sc_icons_item_more_link\" target=\"_blank\" rel=\"noopener\">\n                        <span class=\"link_text\">Whatsapp<\/span><span class=\"link_icon\"><\/span>\n                        <\/a><a href=\"https:\/\/api.whatsapp.com\/send?phone=905433427589\" class=\"sc_icons_item_link\" target=\"_blank\" rel=\"noopener\">\n                        <\/a><\/div><\/div><div class=\"sc_icons_item\"><div class=\"sc_icons_icon sc_icon_type_ icon-envelope-2\" style=\"color: #193D72\" ><span class=\"sc_icon_type_ icon-envelope-2\" style=\"color: #193D72\"><\/span><\/div><div class=\"sc_icons_item_details\"><div class=\"sc_icons_item_description\"><span><a href=\"mailto:uskudar@aktifinternational.com\">uskudar@aktifinternational.com<\/span><span><\/a><\/span><\/div><\/div><\/div><\/div><!-- \/.sc_icons -->\t\t<\/div>\n\t\t\t\t<\/div>\n\t\t\t\t<div class=\"elementor-element elementor-element-480b91bc sc_height_small sc_fly_static elementor-widget elementor-widget-spacer\" data-id=\"480b91bc\" data-element_type=\"widget\" data-widget_type=\"spacer.default\">\n\t\t\t\t<div class=\"elementor-widget-container\">\n\t\t\t\t\t<div class=\"elementor-spacer\">\n\t\t\t<div class=\"elementor-spacer-inner\"><\/div>\n\t\t<\/div>\n\t\t\t\t<\/div>\n\t\t\t\t<\/div>\n\t\t\t\t<div class=\"elementor-element elementor-element-6c3d0dce sc_fly_static elementor-widget elementor-widget-trx_sc_socials\" data-id=\"6c3d0dce\" data-element_type=\"widget\" data-widget_type=\"trx_sc_socials.default\">\n\t\t\t\t<div class=\"elementor-widget-container\">\n\t\t\t<div  \n\t\tclass=\"sc_socials sc_socials_default sc_align_none\" ><div class=\"socials_wrap sc_item_content\"><a target=\"_blank\" href=\"https:\/\/instagram.com\/opdrburakdikmen\/\" class=\"social_item social_item_style_icons sc_icon_type_icons social_item_type_icons\" rel=\"noopener\"><span class=\"social_icon social_icon_instagram\" style=\"\"><span class=\"icon-instagram\"><\/span><\/span><\/a><a target=\"_blank\" href=\"https:\/\/www.facebook.com\/opdrburakdikmen\/\" class=\"social_item social_item_style_icons sc_icon_type_icons social_item_type_icons\" rel=\"noopener\"><span class=\"social_icon social_icon_facebook\" style=\"\"><span class=\"icon-facebook\"><\/span><\/span><\/a><\/div><\/div>\t\t<\/div>\n\t\t\t\t<\/div>\n\t\t\t\t\t<\/div>\n\t\t<\/div>\n\t\t\t\t<div class=\"elementor-column elementor-col-66 elementor-inner-column elementor-element elementor-element-3addc2de sc_inner_width_none sc_content_align_inherit sc_layouts_column_icons_position_left sc_fly_static\" data-id=\"3addc2de\" data-element_type=\"column\">\n\t\t\t<div class=\"elementor-widget-wrap elementor-element-populated\">\n\t\t\t\t\t\t\t\t<div class=\"elementor-element elementor-element-5e5175b0 sc_layouts_hide_on_wide sc_layouts_hide_on_desktop sc_layouts_hide_on_notebook sc_fly_static elementor-widget elementor-widget-spacer\" data-id=\"5e5175b0\" data-element_type=\"widget\" data-widget_type=\"spacer.default\">\n\t\t\t\t<div class=\"elementor-widget-container\">\n\t\t\t\t\t<div class=\"elementor-spacer\">\n\t\t\t<div class=\"elementor-spacer-inner\"><\/div>\n\t\t<\/div>\n\t\t\t\t<\/div>\n\t\t\t\t<\/div>\n\t\t\t\t<div class=\"elementor-element elementor-element-76bdae9e sc_fly_static elementor-widget elementor-widget-trx_sc_title\" data-id=\"76bdae9e\" data-element_type=\"widget\" data-widget_type=\"trx_sc_title.default\">\n\t\t\t\t<div class=\"elementor-widget-container\">\n\t\t\t<div\t\tclass=\"sc_title sc_title_default\" ><h4 class=\"sc_item_title sc_title_title sc_align_center sc_item_title_style_default sc_item_title_tag\"\n\t\t\t><span class=\"sc_item_title_text\">Ask MD, Burak D\u0130KMEN ?<\/span><\/h4><\/div>\t\t<\/div>\n\t\t\t\t<\/div>\n\t\t\t\t<div class=\"elementor-element elementor-element-690ef0c7 scheme_default sc_fly_static elementor-widget elementor-widget-trx_sc_contact_form_7\" data-id=\"690ef0c7\" data-element_type=\"widget\" data-widget_type=\"trx_sc_contact_form_7.default\">\n\t\t\t\t<div class=\"elementor-widget-container\">\n\t\t\t\n<div class=\"wpcf7 no-js\" id=\"wpcf7-f70-o1\" lang=\"tr-TR\" dir=\"ltr\">\n<div class=\"screen-reader-response\"><p role=\"status\" aria-live=\"polite\" aria-atomic=\"true\"><\/p> <ul><\/ul><\/div>\n<form action=\"\/en\/wp-json\/wp\/v2\/pages\/19324#wpcf7-f70-o1\" method=\"post\" class=\"wpcf7-form init\" aria-label=\"Contact form\" novalidate=\"novalidate\" data-status=\"init\">\n<div style=\"display: none;\">\n<input type=\"hidden\" name=\"_wpcf7\" value=\"70\" \/>\n<input type=\"hidden\" name=\"_wpcf7_version\" value=\"5.7.7\" \/>\n<input type=\"hidden\" name=\"_wpcf7_locale\" value=\"tr_TR\" \/>\n<input type=\"hidden\" name=\"_wpcf7_unit_tag\" value=\"wpcf7-f70-o1\" \/>\n<input type=\"hidden\" name=\"_wpcf7_container_post\" value=\"0\" \/>\n<input type=\"hidden\" name=\"_wpcf7_posted_data_hash\" value=\"\" \/>\n<input type=\"hidden\" name=\"_wpcf7_recaptcha_response\" value=\"\" \/>\n<\/div>\n<div class=\"form-style-4\">\n\t<div class=\"columns_wrap\">\n\t\t<div class=\"column-1_2\">\n\t\t\t<p><span class=\"style-icon icon-name\"><span class=\"wpcf7-form-control-wrap\" data-name=\"your-name\"><input size=\"40\" class=\"wpcf7-form-control wpcf7-text wpcf7-validates-as-required\" aria-required=\"true\" aria-invalid=\"false\" placeholder=\"Name &amp; Surname\" value=\"\" type=\"text\" name=\"your-name\" \/><\/span><\/span>\n\t\t\t<\/p>\n\t\t<\/div>\n\t\t<div class=\"column-1_2\">\n\t\t\t<p><span class=\"style-icon icon-email\"><span class=\"wpcf7-form-control-wrap\" data-name=\"your-email\"><input size=\"40\" class=\"wpcf7-form-control wpcf7-text wpcf7-email wpcf7-validates-as-required wpcf7-validates-as-email\" aria-required=\"true\" aria-invalid=\"false\" placeholder=\"E-Mail\" value=\"\" type=\"email\" name=\"your-email\" \/><\/span><\/span>\n\t\t\t<\/p>\n\t\t<\/div>\n\t<\/div>\n\t<div class=\"columns_wrap\">\n\t\t<div class=\"column-1_2\">\n\t\t\t<p><span class=\"style-icon\"><span class=\"wpcf7-form-control-wrap\" data-name=\"phone\"><input size=\"40\" class=\"wpcf7-form-control wpcf7-text wpcf7-phonetext wpcf7-validates-as-required wpcf7-validates-as-phonetext\" aria-required=\"true\" aria-invalid=\"false\" placeholder=\"Phone\" value=\"\" type=\"text\" name=\"phone\" \/><input type=\"hidden\" name=\"phone-country-code\" class=\"wpcf7-phonetext-country-code\" \/><\/span><\/span>\n\t\t\t<\/p>\n\t\t<\/div>\n\t\t<div class=\"column-1_2\">\n\t\t\t<p><span class=\"style-icon icon-subject\"><span class=\"wpcf7-form-control-wrap\" data-name=\"subject\"><input size=\"40\" class=\"wpcf7-form-control wpcf7-text wpcf7-validates-as-required\" aria-required=\"true\" aria-invalid=\"false\" placeholder=\"Subject\" value=\"\" type=\"text\" name=\"subject\" \/><\/span><\/span>\n\t\t\t<\/p>\n\t\t<\/div>\n\t<\/div>\n\t<div class=\"columns_wrap margin-bottom\">\n\t\t<div class=\"column-1_1\">\n\t\t\t<p><span class=\"style-icon icon-textarea\"><span class=\"wpcf7-form-control-wrap\" data-name=\"your-message\"><textarea cols=\"40\" rows=\"10\" class=\"wpcf7-form-control wpcf7-textarea wpcf7-validates-as-required\" aria-required=\"true\" aria-invalid=\"false\" placeholder=\"Messages\" name=\"your-message\"><\/textarea><\/span><\/span>\n\t\t\t<\/p>\n\t\t<\/div>\n\t<\/div>\n\t<div class=\"column-1_1\">\n\t\t<p><input class=\"wpcf7-form-control has-spinner wpcf7-submit\" id=\"omr-home-form-buton\" type=\"submit\" value=\"SEND\" \/>\n\t\t<\/p>\n\t<\/div>\n<\/div><div class=\"wpcf7-response-output\" aria-hidden=\"true\"><\/div>\n<\/form>\n<\/div>\n\t\t<\/div>\n\t\t\t\t<\/div>\n\t\t\t\t\t<\/div>\n\t\t<\/div>\n\t\t\t\t\t\t\t<\/div>\n\t\t<\/section>\n\t\t\t\t<div class=\"elementor-element elementor-element-3934cb67 sc_height_huge sc_fly_static elementor-widget elementor-widget-spacer\" data-id=\"3934cb67\" data-element_type=\"widget\" data-widget_type=\"spacer.default\">\n\t\t\t\t<div class=\"elementor-widget-container\">\n\t\t\t\t\t<div class=\"elementor-spacer\">\n\t\t\t<div class=\"elementor-spacer-inner\"><\/div>\n\t\t<\/div>\n\t\t\t\t<\/div>\n\t\t\t\t<\/div>\n\t\t\t\t\t<\/div>\n\t\t<\/div>\n\t\t\t\t\t\t\t<\/div>\n\t\t<\/section>\n\t\t\t\t\t\t\t<\/div>\n\t\t","protected":false},"excerpt":{"rendered":"<p>&#8211; Trabzon AddressMimar Sinan Mah. Otopark Arkas\u0131 Sk.No:18 34672 \u00dcsk\u00fcdar \u0130stanbul +90 543 342 75&hellip;<\/p>\n","protected":false},"author":1,"featured_media":0,"parent":0,"menu_order":0,"comment_status":"closed","ping_status":"closed","template":"","meta":{"inline_featured_image":false,"footnotes":""},"class_list":["post-19324","page","type-page","status-publish","hentry"],"_links":{"self":[{"href":"https:\/\/www.drburakdikmen.com\/en\/wp-json\/wp\/v2\/pages\/19324","targetHints":{"allow":["GET"]}}],"collection":[{"href":"https:\/\/www.drburakdikmen.com\/en\/wp-json\/wp\/v2\/pages"}],"about":[{"href":"https:\/\/www.drburakdikmen.com\/en\/wp-json\/wp\/v2\/types\/page"}],"author":[{"embeddable":true,"href":"https:\/\/www.drburakdikmen.com\/en\/wp-json\/wp\/v2\/users\/1"}],"replies":[{"embeddable":true,"href":"https:\/\/www.drburakdikmen.com\/en\/wp-json\/wp\/v2\/comments?post=19324"}],"version-history":[{"count":66,"href":"https:\/\/www.drburakdikmen.com\/en\/wp-json\/wp\/v2\/pages\/19324\/revisions"}],"predecessor-version":[{"id":20624,"href":"https:\/\/www.drburakdikmen.com\/en\/wp-json\/wp\/v2\/pages\/19324\/revisions\/20624"}],"wp:attachment":[{"href":"https:\/\/www.drburakdikmen.com\/en\/wp-json\/wp\/v2\/media?parent=19324"}],"curies":[{"name":"wp","href":"https:\/\/api.w.org\/{rel}","templated":true}]}}